{"id":3016,"date":"2024-05-22T18:27:26","date_gmt":"2024-05-22T17:27:26","guid":{"rendered":"https:\/\/cosob.dz\/?page_id=3016"},"modified":"2024-10-28T10:36:30","modified_gmt":"2024-10-28T09:36:30","slug":"%d8%aa%d8%ad%d9%85%d9%8a%d9%84-%d9%83%d9%84-%d8%a7%d9%84%d8%a3%d9%86%d8%b8%d9%85%d8%a9","status":"publish","type":"page","link":"https:\/\/cosob.dz\/ar\/%d8%aa%d8%ad%d9%85%d9%8a%d9%84-%d9%83%d9%84-%d8%a7%d9%84%d8%a3%d9%86%d8%b8%d9%85%d8%a9\/","title":{"rendered":"\u062a\u062d\u0645\u064a\u0644 \u0643\u0644 \u0627\u0644\u0623\u0646\u0638\u0645\u0629"},"content":{"rendered":"<div class=\"vce-row-container\" data-vce-boxed-width=\"true\"><div class=\"vce-row vce-row--col-gap-30 vce-row-equal-height vce-row-content--top\" id=\"el-aad545e5\" data-vce-do-apply=\"all el-aad545e5\"><div class=\"vce-content-background-container\"><\/div><div class=\"vce-row-content\" data-vce-element-content=\"true\"><div class=\"vce-col vce-col--md-auto vce-col--xs-1 vce-col--xs-last vce-col--xs-first vce-col--sm-last vce-col--sm-first vce-col--md-last vce-col--lg-last vce-col--xl-last vce-col--md-first vce-col--lg-first vce-col--xl-first\" id=\"el-68103e9a\"><div class=\"vce-col-inner\" data-vce-do-apply=\"border margin background  el-68103e9a\"><div class=\"vce-col-content\" data-vce-element-content=\"true\" data-vce-do-apply=\"padding el-68103e9a\"><div class=\"vce-layouts-post-title-container page-title vce-layouts-post-title-container--align-left\"><div class=\"vce-layouts-post-title vce\" id=\"el-ab94cb35\" data-vce-do-apply=\"all el-ab94cb35\"><h1>\u062a\u062d\u0645\u064a\u0644 \u0643\u0644 \u0627\u0644\u0623\u0646\u0638\u0645\u0629<\/h1><\/div><\/div><div class=\"vce-text-block\"><div class=\"vce-text-block-wrapper vce\" id=\"el-2d7dc1b3\" data-vce-do-apply=\"all el-2d7dc1b3\"><p><a href=\"https:\/\/cosob.dz\/wp-content\/uploads\/2024\/08\/\u0642\u0648\u0627\u0646\u064a\u0646-\u0648-\u0623\u0648\u0627\u0645\u0631.zip\" download=\"\u0642\u0648\u0627\u0646\u064a\u0646-\u0648-\u0623\u0648\u0627\u0645\u0631.zip\"> <img decoding=\"async\" src=\"https:\/\/cosob.dz\/wp-content\/uploads\/2024\/08\/winzip.gif\" alt=\"Ic\u00f4ne de t\u00e9l\u00e9chargement\"> \u0642\u0648\u0627\u0646\u064a\u0646 \u0648\u0623\u0648\u0627\u0645\u0631 <\/a><\/p>\n<\/div><\/div><div class=\"vce-text-block\"><div class=\"vce-text-block-wrapper vce\" id=\"el-7c24bd94\" data-vce-do-apply=\"all el-7c24bd94\"><p><a href=\"https:\/\/cosob.dz\/wp-content\/uploads\/2024\/08\/\u0645\u0631\u0627\u0633\u064a\u0645.zip\" download=\"\u0645\u0631\u0627\u0633\u064a\u0645.zip\"><img decoding=\"async\" src=\"https:\/\/cosob.dz\/wp-content\/uploads\/2024\/08\/winzip.gif\" alt=\"Ic\u00f4ne de t\u00e9l\u00e9chargement\"> \u0645\u0631\u0627\u0633\u064a\u0645 <\/a><\/p>\n<\/div><\/div><div class=\"vce-text-block\"><div class=\"vce-text-block-wrapper vce\" id=\"el-bce94c35\" data-vce-do-apply=\"all el-bce94c35\"><p><a href=\"https:\/\/cosob.dz\/wp-content\/uploads\/2024\/08\/\u0642\u0631\u0627\u0631\u0627\u062a-1.zip\" download=\"\u0642\u0631\u0627\u0631\u0627\u062a.zip\"><img decoding=\"async\" src=\"https:\/\/cosob.dz\/wp-content\/uploads\/2024\/08\/winzip.gif\" alt=\"Ic\u00f4ne de t\u00e9l\u00e9chargement\"> \u0642\u0631\u0627\u0631\u0627\u062a <\/a><\/p><\/div><\/div><div class=\"vce-text-block\"><div class=\"vce-text-block-wrapper vce\" id=\"el-9ac1222d\" data-vce-do-apply=\"all el-9ac1222d\"><p><a href=\"https:\/\/cosob.dz\/wp-content\/uploads\/2024\/10\/\u0623\u0646\u0638\u0645\u0629-\u0648\u062a\u0639\u0644\u064a\u0645\u0627\u062a.zip\" download=\"\u0623\u0646\u0638\u0645\u0629-\u0648\u062a\u0639\u0644\u064a\u0645\u0627\u062a.zip\"><img decoding=\"async\" src=\"https:\/\/cosob.dz\/wp-content\/uploads\/2024\/08\/winzip.gif\" alt=\"Ic\u00f4ne de t\u00e9l\u00e9chargement\"> \u0623\u0646\u0638\u0645\u0629 \u0648\u062a\u0639\u0644\u064a\u0645\u0627\u062a <\/a><\/p><\/div><\/div><div class=\"vce-text-block\"><div class=\"vce-text-block-wrapper vce\" id=\"el-2101fdb8\" data-vce-do-apply=\"all el-2101fdb8\"><p><a href=\"https:\/\/cosob.dz\/wp-content\/uploads\/2024\/08\/\u0623\u0646\u0638\u0645\u0629-\u0648-\u062a\u0639\u0644\u064a\u0645\u0627\u062a-\u0627\u0644\u0645\u062a\u0639\u0644\u0642\u0629-\u0628\u0644\u062c\u0646\u0629-\u062a\u0646\u0638\u064a\u0645-\u0639\u0645\u0644\u064a\u0627\u062a-\u0627\u0644\u0628\u0648\u0631\u0635\u0629-\u0648-\u0645\u0631\u0627\u0642\u0628\u062a\u0647\u0627.zip\" download=\"\u0623\u0646\u0638\u0645\u0629-\u0648-\u062a\u0639\u0644\u064a\u0645\u0627\u062a-\u0627\u0644\u0645\u062a\u0639\u0644\u0642\u0629-\u0628\u0644\u062c\u0646\u0629-\u062a\u0646\u0638\u064a\u0645-\u0639\u0645\u0644\u064a\u0627\u062a-\u0627\u0644\u0628\u0648\u0631\u0635\u0629-\u0648-\u0645\u0631\u0627\u0642\u0628\u062a\u0647\u0627.zip\"><img decoding=\"async\" src=\"https:\/\/cosob.dz\/wp-content\/uploads\/2024\/08\/winzip.gif\" alt=\"Ic\u00f4ne de t\u00e9l\u00e9chargement\"> \u0627\u0644\u0645\u062a\u0639\u0644\u0642\u0629 \u0628\u0644\u062c\u0646\u0629 \u062a\u0646\u0638\u064a\u0645 \u0639\u0645\u0644\u064a\u0627\u062a \u0627\u0644\u0628\u0648\u0631\u0635\u0629 \u0648 \u0645\u0631\u0627\u0642\u0628\u062a\u0647\u0627 <\/a><\/p>\n<\/div><\/div><div class=\"vce-text-block\"><div class=\"vce-text-block-wrapper vce\" id=\"el-c6904dc1\" data-vce-do-apply=\"all el-c6904dc1\"><p><a href=\"https:\/\/cosob.dz\/wp-content\/uploads\/2024\/08\/\u0623\u0646\u0638\u0645\u0629-\u0648-\u062a\u0639\u0644\u064a\u0645\u0627\u062a-\u0627\u0644\u0645\u062a\u0639\u0644\u0642\u0629-\u0628\u0628\u0648\u0631\u0635\u0629-\u0627\u0644\u062c\u0632\u0627\u0626\u0631.zip\" download=\"\u0623\u0646\u0638\u0645\u0629-\u0648-\u062a\u0639\u0644\u064a\u0645\u0627\u062a-\u0627\u0644\u0645\u062a\u0639\u0644\u0642\u0629-\u0628\u0628\u0648\u0631\u0635\u0629-\u0627\u0644\u062c\u0632\u0627\u0626\u0631.zip\"><img decoding=\"async\" src=\"https:\/\/cosob.dz\/wp-content\/uploads\/2024\/08\/winzip.gif\" alt=\"Ic\u00f4ne de t\u00e9l\u00e9chargement\"> \u0627\u0644\u0645\u062a\u0639\u0644\u0642\u0629 \u0628\u0628\u0648\u0631\u0635\u0629 \u0627\u0644\u062c\u0632\u0627\u0626\u0631<\/a><\/p>\n<\/div><\/div><div class=\"vce-text-block\"><div class=\"vce-text-block-wrapper vce\" id=\"el-4ea3b9b7\" data-vce-do-apply=\"all el-4ea3b9b7\"><p><a href=\"https:\/\/cosob.dz\/wp-content\/uploads\/2024\/08\/\u0623\u0646\u0638\u0645\u0629-\u0648-\u062a\u0639\u0644\u064a\u0645\u0627\u062a-\u0627\u0644\u0645\u062a\u0639\u0644\u0642\u0629-\u0628\u0627\u0644\u0645\u0624\u062a\u0645\u0646-\u0627\u0644\u0645\u0631\u0643\u0632\u064a-\u0639\u0644\u0649-\u0627\u0644\u0633\u0646\u062f\u0627\u062a.zip\" download=\"\u0623\u0646\u0638\u0645\u0629-\u0648-\u062a\u0639\u0644\u064a\u0645\u0627\u062a-\u0627\u0644\u0645\u062a\u0639\u0644\u0642\u0629-\u0628\u0627\u0644\u0645\u0624\u062a\u0645\u0646-\u0627\u0644\u0645\u0631\u0643\u0632\u064a-\u0639\u0644\u0649-\u0627\u0644\u0633\u0646\u062f\u0627\u062a.zip\"><img decoding=\"async\" src=\"https:\/\/cosob.dz\/wp-content\/uploads\/2024\/08\/winzip.gif\" alt=\"Ic\u00f4ne de t\u00e9l\u00e9chargement\"> \u0627\u0644\u0645\u062a\u0639\u0644\u0642\u0629 \u0628\u0627\u0644\u0645\u0624\u062a\u0645\u0646 \u0627\u0644\u0645\u0631\u0643\u0632\u064a \u0639\u0644\u0649 \u0627\u0644\u0633\u0646\u062f\u0627\u062a<\/a><\/p>\n<\/div><\/div><div class=\"vce-text-block\"><div class=\"vce-text-block-wrapper vce\" id=\"el-7c0b0865\" data-vce-do-apply=\"all el-7c0b0865\"><p><a href=\"https:\/\/cosob.dz\/wp-content\/uploads\/2024\/08\/\u0627\u0644\u0648\u0633\u0637\u0627\u0621-\u0641\u064a-\u0639\u0645\u0644\u064a\u0627\u062a-\u0627\u0644\u0628\u0648\u0631\u0635\u0629.zip\" download=\"\u0623\u0646\u0638\u0645\u0629-\u0648-\u062a\u0639\u0644\u064a\u0645\u0627\u062a-\u0627\u0644\u0645\u062a\u0639\u0644\u0642\u0629-\u0628\u0627\u0644\u0648\u0633\u0637\u0627\u0621-\u0641\u064a-\u0639\u0645\u0644\u064a\u0627\u062a-\u0627\u0644\u0628\u0648\u0631\u0635\u0629.zip\"><img decoding=\"async\" src=\"https:\/\/cosob.dz\/wp-content\/uploads\/2024\/08\/winzip.gif\" alt=\"Ic\u00f4ne de t\u00e9l\u00e9chargement\">\u0627\u0644\u0645\u062a\u0639\u0644\u0642\u0629 \u0628\u0627\u0644\u0648\u0633\u0637\u0627\u0621 \u0641\u064a \u0639\u0645\u0644\u064a\u0627\u062a \u0627\u0644\u0628\u0648\u0631\u0635\u0629 <\/a><\/p><\/div><\/div><div class=\"vce-text-block\"><div class=\"vce-text-block-wrapper vce\" id=\"el-5b36d9cd\" data-vce-do-apply=\"all el-5b36d9cd\"><p><a href=\"https:\/\/cosob.dz\/wp-content\/uploads\/2024\/08\/\u0623\u0646\u0638\u0645\u0629-\u0648-\u062a\u0639\u0644\u064a\u0645\u0627\u062a-\u0627\u0644\u0645\u062a\u0639\u0644\u0642\u0629-\u0628\u0645\u0627\u0633\u0643-\u0627\u0644\u062d\u0633\u0627\u0628\u060c-\u062d\u0627\u0641\u0638-\u0627\u0644\u0633\u0646\u062f\u0627\u062a.zip\" download=\"\u0623\u0646\u0638\u0645\u0629-\u0648-\u062a\u0639\u0644\u064a\u0645\u0627\u062a-\u0627\u0644\u0645\u062a\u0639\u0644\u0642\u0629-\u0628\u0645\u0627\u0633\u0643-\u0627\u0644\u062d\u0633\u0627\u0628\u060c-\u062d\u0627\u0641\u0638-\u0627\u0644\u0633\u0646\u062f\u0627\u062a.zip\"><img decoding=\"async\" src=\"https:\/\/cosob.dz\/wp-content\/uploads\/2024\/08\/winzip.gif\" alt=\"Ic\u00f4ne de t\u00e9l\u00e9chargement\">\u0627\u0644\u0645\u062a\u0639\u0644\u0642\u0629 \u0628\u0645\u0627\u0633\u0643 \u0627\u0644\u062d\u0633\u0627\u0628\u060c \u062d\u0627\u0641\u0638 \u0627\u0644\u0633\u0646\u062f\u0627\u062a<\/a><\/p>\n<\/div><\/div><div class=\"vce-text-block\"><div class=\"vce-text-block-wrapper vce\" id=\"el-bb72c642\" data-vce-do-apply=\"all el-bb72c642\"><p><a href=\"https:\/\/cosob.dz\/wp-content\/uploads\/2024\/08\/\u0623\u0646\u0638\u0645\u0629-\u0648-\u062a\u0639\u0644\u064a\u0645\u0627\u062a-\u0627\u0644\u0645\u062a\u0639\u0644\u0642\u0629-\u0628\u0627\u0644\u0645\u0635\u062f\u0631\u064a\u0646.zip\" download=\"\u0623\u0646\u0638\u0645\u0629-\u0648-\u062a\u0639\u0644\u064a\u0645\u0627\u062a-\u0627\u0644\u0645\u062a\u0639\u0644\u0642\u0629-\u0628\u0627\u0644\u0645\u0635\u062f\u0631\u064a\u0646.zip\"> <img decoding=\"async\" src=\"https:\/\/cosob.dz\/wp-content\/uploads\/2024\/08\/winzip.gif\" alt=\"Ic\u00f4ne de t\u00e9l\u00e9chargement\">\u0627\u0644\u0645\u062a\u0639\u0644\u0642\u0629 \u0628\u0627\u0644\u0645\u0635\u062f\u0631\u064a\u0646<\/a><\/p>\n<\/div><\/div><div class=\"vce-text-block\"><div class=\"vce-text-block-wrapper vce\" id=\"el-f359f6ad\" data-vce-do-apply=\"all el-f359f6ad\"><p><a href=\"https:\/\/cosob.dz\/wp-content\/uploads\/2024\/10\/\u0623\u0646\u0638\u0645\u0629-\u0648-\u062a\u0639\u0644\u064a\u0645\u0627\u062a-\u0627\u0644\u0645\u062a\u0639\u0644\u0642\u0629-\u0628\u0647\u064a\u0626\u0627\u062a-\u0627\u0644\u062a\u0648\u0638\u064a\u0641-\u0627\u0644\u062c\u0645\u0627\u0639\u064a-\u0641\u064a-\u0627\u0644\u0642\u064a\u0645-\u0627\u0644\u0645\u0646\u0642\u0648\u0644\u0629.zip\" download=\"\u0623\u0646\u0638\u0645\u0629-\u0648-\u062a\u0639\u0644\u064a\u0645\u0627\u062a-\u0627\u0644\u0645\u062a\u0639\u0644\u0642\u0629-\u0628\u0647\u064a\u0626\u0627\u062a-\u0627\u0644\u062a\u0648\u0638\u064a\u0641-\u0627\u0644\u062c\u0645\u0627\u0639\u064a-\u0641\u064a-\u0627\u0644\u0642\u064a\u0645-\u0627\u0644\u0645\u0646\u0642\u0648\u0644\u0629.zip\"><img decoding=\"async\" src=\"https:\/\/cosob.dz\/wp-content\/uploads\/2024\/08\/winzip.gif\" alt=\"Ic\u00f4ne de t\u00e9l\u00e9chargement\">\u0627\u0644\u0645\u062a\u0639\u0644\u0642\u0629 \u0628\u0647\u064a\u0626\u0627\u062a \u0627\u0644\u062a\u0648\u0638\u064a\u0641 \u0627\u0644\u062c\u0645\u0627\u0639\u064a \u0641\u064a \u0627\u0644\u0642\u064a\u0645 \u0627\u0644\u0645\u0646\u0642\u0648\u0644\u0629<\/a><\/p><\/div><\/div><div class=\"vce-text-block\"><div class=\"vce-text-block-wrapper vce\" id=\"el-b2739a2b\" data-vce-do-apply=\"all el-b2739a2b\"><p><a href=\"https:\/\/cosob.dz\/wp-content\/uploads\/2024\/08\/\u0627\u0644\u0631\u0639\u0627\u0629-\u0641\u064a-\u0627\u0644\u0628\u0648\u0631\u0635\u0629.zip\" download=\"\u0623\u0646\u0638\u0645\u0629-\u0648-\u062a\u0639\u0644\u064a\u0645\u0627\u062a-\u0644\u0645\u062a\u0639\u0644\u0642\u0629-\u0628\u0634\u0631\u0648\u0637-\u0648-\u0625\u062c\u0631\u0627\u0621\u0627\u062a-\u062a\u0633\u062c\u064a\u0644-\u0627\u0644\u0631\u0639\u0627\u0629-\u0641\u064a-\u0627\u0644\u0628\u0648\u0631\u0635\u0629.zip\"><img decoding=\"async\" src=\"https:\/\/cosob.dz\/wp-content\/uploads\/2024\/08\/winzip.gif\" alt=\"Ic\u00f4ne de t\u00e9l\u00e9chargement\">\u0627\u0644\u0645\u062a\u0639\u0644\u0642\u0629 \u0628\u0634\u0631\u0648\u0637 \u0648\u0625\u062c\u0631\u0627\u0621\u0627\u062a \u062a\u0633\u062c\u064a\u0644 \u0627\u0644\u0631\u0639\u0627\u0629 \u0641\u064a \u0627\u0644\u0628\u0648\u0631\u0635\u0629<\/a><\/p><\/div><\/div><div class=\"vce-text-block\"><div class=\"vce-text-block-wrapper vce\" id=\"el-02963c24\" data-vce-do-apply=\"all el-02963c24\"><p><a href=\"https:\/\/cosob.dz\/wp-content\/uploads\/2024\/08\/\u0634\u0631\u0643\u0629-\u062a\u0633\u064a\u064a\u0631\u0635\u0646\u0627\u062f\u064a\u0642-\u0627\u0644\u0627\u0633\u062a\u062b\u0645\u0627\u0631.zip\" download=\"\u0623\u0646\u0638\u0645\u0629-\u0648-\u062a\u0639\u0644\u064a\u0645\u0627\u062a-\u0627\u0644\u0645\u062a\u0639\u0644\u0642\u0629-\u0628\u0634\u0631\u0643\u0629-\u0627\u0644\u0631\u0623\u0633\u0645\u0627\u0644-\u0627\u0644\u0627\u0633\u062a\u062b\u0645\u0627\u0631\u064a-\u0648-\u0634\u0631\u0643\u0629-\u062a\u0633\u064a\u064a\u0631\u0635\u0646\u0627\u062f\u064a\u0642-\u0627\u0644\u0627\u0633\u062a\u062b\u0645\u0627\u0631.zip\"><img decoding=\"async\" src=\"https:\/\/cosob.dz\/wp-content\/uploads\/2024\/08\/winzip.gif\" alt=\"Ic\u00f4ne de t\u00e9l\u00e9chargement\">\u0627\u0644\u0645\u062a\u0639\u0644\u0642\u0629 \u0628\u0634\u0631\u0643\u0629 \u0627\u0644\u0631\u0623\u0633\u0645\u0627\u0644 \u0627\u0644\u0627\u0633\u062a\u062b\u0645\u0627\u0631\u064a \u0648\u0634\u0631\u0643\u0629 \u062a\u0633\u064a\u064a\u0631 \u0635\u0646\u0627\u062f\u064a\u0642 \u0627\u0644\u0627\u0633\u062a\u062b\u0645\u0627\u0631<\/a><\/p><\/div><\/div><div class=\"vce-text-block\"><div class=\"vce-text-block-wrapper vce\" id=\"el-b1fc65e8\" data-vce-do-apply=\"all el-b1fc65e8\"><p><a href=\"https:\/\/cosob.dz\/wp-content\/uploads\/2024\/08\/\u0628\u0645\u0633\u062a\u0634\u0627\u0631-\u0627\u0644\u0627\u0633\u062a\u062b\u0645\u0627\u0631-\u0627\u0644\u062a\u0633\u0627\u0647\u0645\u064a.zip\" download=\"\u0623\u0646\u0638\u0645\u0629-\u0648-\u062a\u0639\u0644\u064a\u0645\u0627\u062a-\u0627\u0644\u0645\u062a\u0639\u0644\u0642\u0629-\u0628\u0645\u0633\u062a\u0634\u0627\u0631-\u0627\u0644\u0627\u0633\u062a\u062b\u0645\u0627\u0631-\u0627\u0644\u062a\u0633\u0627\u0647\u0645\u064a.zip\"><img decoding=\"async\" src=\"https:\/\/cosob.dz\/wp-content\/uploads\/2024\/08\/winzip.gif\" alt=\"Ic\u00f4ne de t\u00e9l\u00e9chargement\">\u0627\u0644\u0645\u062a\u0639\u0644\u0642\u0629 \u0628\u0645\u0633\u062a\u0634\u0627\u0631 \u0627\u0644\u0627\u0633\u062a\u062b\u0645\u0627\u0631 \u0627\u0644\u062a\u0633\u0627\u0647\u0645\u064a<\/a><\/p><\/div><\/div><div class=\"vce-text-block\"><div class=\"vce-text-block-wrapper vce\" id=\"el-31731f74\" data-vce-do-apply=\"all el-31731f74\"><p><a href=\"https:\/\/cosob.dz\/wp-content\/uploads\/2024\/08\/\u0627\u0644\u062e\u0628\u064a\u0631-\u0645\u0642\u064a\u0645.zip\" download=\"\u0623\u0646\u0638\u0645\u0629-\u0648-\u062a\u0639\u0644\u064a\u0645\u0627\u062a-\u0627\u0644\u0645\u062a\u0639\u0644\u0642\u0629-\u0628\u0627\u0644\u062e\u0628\u064a\u0631-\u0645\u0642\u064a\u0645.zip\"><img decoding=\"async\" src=\"https:\/\/cosob.dz\/wp-content\/uploads\/2024\/08\/winzip.gif\" alt=\"Ic\u00f4ne de t\u00e9l\u00e9chargement\">\u0627\u0644\u0645\u062a\u0639\u0644\u0642\u0629 \u0628\u0627\u0644\u062e\u0628\u064a\u0631 \u0645\u0642\u064a\u0645<br><\/a><\/p><\/div><\/div><div class=\"vce-text-block\"><div class=\"vce-text-block-wrapper vce\" id=\"el-1426c346\" data-vce-do-apply=\"all el-1426c346\"><p><a href=\"https:\/\/cosob.dz\/wp-content\/uploads\/2024\/10\/reglementationarabe.zip\" download=\"reglementationarabe.zip\"><img decoding=\"async\" src=\"https:\/\/cosob.dz\/wp-content\/uploads\/2024\/08\/winzip.gif\" alt=\"Ic\u00f4ne de t\u00e9l\u00e9chargement\">\u062a\u062d\u0645\u064a\u0644 \u0643\u0644 \u0627\u0644\u0642\u0648\u0627\u0646\u064a\u0646 \u0648\u0627\u0644\u0623\u0646\u0638\u0645\u0629<\/a><\/p><\/div><\/div><\/div><\/div><\/div><\/div><\/div><\/div>","protected":false},"excerpt":{"rendered":"<p>\u0642\u0648\u0627\u0646\u064a\u0646 \u0648\u0623\u0648\u0627\u0645\u0631 \u0645\u0631\u0627\u0633\u064a\u0645 \u0642\u0631\u0627\u0631\u0627\u062a \u0623\u0646\u0638\u0645\u0629 \u0648\u062a\u0639\u0644\u064a\u0645\u0627\u062a \u0627\u0644\u0645\u062a\u0639\u0644\u0642\u0629 \u0628\u0644\u062c\u0646\u0629 \u062a\u0646\u0638\u064a\u0645 \u0639\u0645\u0644\u064a\u0627\u062a \u0627\u0644\u0628\u0648\u0631\u0635\u0629 \u0648 \u0645\u0631\u0627\u0642\u0628\u062a\u0647\u0627 \u0627\u0644\u0645\u062a\u0639\u0644\u0642\u0629 \u0628\u0628\u0648\u0631\u0635\u0629 \u0627\u0644\u062c\u0632\u0627\u0626\u0631 \u0627\u0644\u0645\u062a\u0639\u0644\u0642\u0629 \u0628\u0627\u0644\u0645\u0624\u062a\u0645\u0646 \u0627\u0644\u0645\u0631\u0643\u0632\u064a \u0639\u0644\u0649 \u0627\u0644\u0633\u0646\u062f\u0627\u062a \u0627\u0644\u0645\u062a\u0639\u0644\u0642\u0629 \u0628\u0627\u0644\u0648\u0633\u0637\u0627\u0621 \u0641\u064a \u0639\u0645\u0644\u064a\u0627\u062a \u0627\u0644\u0628\u0648\u0631\u0635\u0629 \u0627\u0644\u0645\u062a\u0639\u0644\u0642\u0629 \u0628\u0645\u0627\u0633\u0643 \u0627\u0644\u062d\u0633\u0627\u0628\u060c \u062d\u0627\u0641\u0638 \u0627\u0644\u0633\u0646\u062f\u0627\u062a \u0627\u0644\u0645\u062a\u0639\u0644\u0642\u0629 \u0628\u0627\u0644\u0645\u0635\u062f\u0631\u064a\u0646 \u0627\u0644\u0645\u062a\u0639\u0644\u0642\u0629 \u0628\u0647\u064a\u0626\u0627\u062a \u0627\u0644\u062a\u0648\u0638\u064a\u0641 \u0627\u0644\u062c\u0645\u0627\u0639\u064a \u0641\u064a \u0627\u0644\u0642\u064a\u0645 \u0627\u0644\u0645\u0646\u0642\u0648\u0644\u0629\u0627\u0644\u0645\u062a\u0639\u0644\u0642\u0629 \u0628\u0634\u0631\u0648\u0637 \u0648\u0625\u062c\u0631\u0627\u0621\u0627\u062a \u062a\u0633\u062c\u064a\u0644 \u0627\u0644\u0631\u0639\u0627\u0629 \u0641\u064a \u0627\u0644\u0628\u0648\u0631\u0635\u0629\u0627\u0644\u0645\u062a\u0639\u0644\u0642\u0629 \u0628\u0634\u0631\u0643\u0629 \u0627\u0644\u0631\u0623\u0633\u0645\u0627\u0644 \u0627\u0644\u0627\u0633\u062a\u062b\u0645\u0627\u0631\u064a \u0648\u0634\u0631\u0643\u0629 \u062a\u0633\u064a\u064a\u0631 \u0635\u0646\u0627\u062f\u064a\u0642 \u0627\u0644\u0627\u0633\u062a\u062b\u0645\u0627\u0631\u0627\u0644\u0645\u062a\u0639\u0644\u0642\u0629 \u0628\u0645\u0633\u062a\u0634\u0627\u0631 \u0627\u0644\u0627\u0633\u062a\u062b\u0645\u0627\u0631 [&hellip;]<\/p>\n","protected":false},"author":1,"featured_media":5300,"parent":0,"menu_order":0,"comment_status":"closed","ping_status":"closed","template":"","meta":{"_acf_changed":false,"footnotes":""},"class_list":["post-3016","page","type-page","status-publish","has-post-thumbnail","hentry"],"acf":[],"rttpg_featured_image_url":{"full":["https:\/\/cosob.dz\/wp-content\/uploads\/2024\/09\/no-image.jpg",1080,810,false],"landscape":["https:\/\/cosob.dz\/wp-content\/uploads\/2024\/09\/no-image.jpg",1080,810,false],"portraits":["https:\/\/cosob.dz\/wp-content\/uploads\/2024\/09\/no-image.jpg",1080,810,false],"thumbnail":["https:\/\/cosob.dz\/wp-content\/uploads\/2024\/09\/no-image.jpg",150,113,false],"medium":["https:\/\/cosob.dz\/wp-content\/uploads\/2024\/09\/no-image.jpg",300,225,false],"large":["https:\/\/cosob.dz\/wp-content\/uploads\/2024\/09\/no-image.jpg",848,636,false],"1536x1536":["https:\/\/cosob.dz\/wp-content\/uploads\/2024\/09\/no-image.jpg",1080,810,false],"2048x2048":["https:\/\/cosob.dz\/wp-content\/uploads\/2024\/09\/no-image.jpg",1080,810,false],"320w":["https:\/\/cosob.dz\/wp-content\/uploads\/2024\/09\/no-image.jpg",320,240,false],"480w":["https:\/\/cosob.dz\/wp-content\/uploads\/2024\/09\/no-image.jpg",480,360,false],"800w":["https:\/\/cosob.dz\/wp-content\/uploads\/2024\/09\/no-image.jpg",800,600,false],"visualcomposerstarter-featured-loop-image":["https:\/\/cosob.dz\/wp-content\/uploads\/2024\/09\/no-image.jpg",848,636,false],"visualcomposerstarter-featured-loop-image-full":["https:\/\/cosob.dz\/wp-content\/uploads\/2024\/09\/no-image.jpg",1080,810,false],"visualcomposerstarter-featured-single-image-boxed":["https:\/\/cosob.dz\/wp-content\/uploads\/2024\/09\/no-image.jpg",1080,810,false],"visualcomposerstarter-featured-single-image-full":["https:\/\/cosob.dz\/wp-content\/uploads\/2024\/09\/no-image.jpg",1080,810,false]},"rttpg_author":{"display_name":"adex","author_link":"https:\/\/cosob.dz\/ar\/author\/adex\/"},"rttpg_comment":0,"rttpg_category":" <a href=\"https:\/\/cosob.dz\/?taxonomy=translation_priority&#038;term=facultatif\" rel=\"tag\">Facultatif<\/a>","rttpg_excerpt":"\u0642\u0648\u0627\u0646\u064a\u0646 \u0648\u0623\u0648\u0627\u0645\u0631 \u0645\u0631\u0627\u0633\u064a\u0645 \u0642\u0631\u0627\u0631\u0627\u062a \u0623\u0646\u0638\u0645\u0629 \u0648\u062a\u0639\u0644\u064a\u0645\u0627\u062a \u0627\u0644\u0645\u062a\u0639\u0644\u0642\u0629 \u0628\u0644\u062c\u0646\u0629 \u062a\u0646\u0638\u064a\u0645 \u0639\u0645\u0644\u064a\u0627\u062a \u0627\u0644\u0628\u0648\u0631\u0635\u0629 \u0648 \u0645\u0631\u0627\u0642\u0628\u062a\u0647\u0627 \u0627\u0644\u0645\u062a\u0639\u0644\u0642\u0629 \u0628\u0628\u0648\u0631\u0635\u0629 \u0627\u0644\u062c\u0632\u0627\u0626\u0631 \u0627\u0644\u0645\u062a\u0639\u0644\u0642\u0629 \u0628\u0627\u0644\u0645\u0624\u062a\u0645\u0646 \u0627\u0644\u0645\u0631\u0643\u0632\u064a \u0639\u0644\u0649 \u0627\u0644\u0633\u0646\u062f\u0627\u062a \u0627\u0644\u0645\u062a\u0639\u0644\u0642\u0629 \u0628\u0627\u0644\u0648\u0633\u0637\u0627\u0621 \u0641\u064a \u0639\u0645\u0644\u064a\u0627\u062a \u0627\u0644\u0628\u0648\u0631\u0635\u0629 \u0627\u0644\u0645\u062a\u0639\u0644\u0642\u0629 \u0628\u0645\u0627\u0633\u0643 \u0627\u0644\u062d\u0633\u0627\u0628\u060c \u062d\u0627\u0641\u0638 \u0627\u0644\u0633\u0646\u062f\u0627\u062a \u0627\u0644\u0645\u062a\u0639\u0644\u0642\u0629 \u0628\u0627\u0644\u0645\u0635\u062f\u0631\u064a\u0646 \u0627\u0644\u0645\u062a\u0639\u0644\u0642\u0629 \u0628\u0647\u064a\u0626\u0627\u062a \u0627\u0644\u062a\u0648\u0638\u064a\u0641 \u0627\u0644\u062c\u0645\u0627\u0639\u064a \u0641\u064a \u0627\u0644\u0642\u064a\u0645 \u0627\u0644\u0645\u0646\u0642\u0648\u0644\u0629\u0627\u0644\u0645\u062a\u0639\u0644\u0642\u0629 \u0628\u0634\u0631\u0648\u0637 \u0648\u0625\u062c\u0631\u0627\u0621\u0627\u062a \u062a\u0633\u062c\u064a\u0644 \u0627\u0644\u0631\u0639\u0627\u0629 \u0641\u064a \u0627\u0644\u0628\u0648\u0631\u0635\u0629\u0627\u0644\u0645\u062a\u0639\u0644\u0642\u0629 \u0628\u0634\u0631\u0643\u0629 \u0627\u0644\u0631\u0623\u0633\u0645\u0627\u0644 \u0627\u0644\u0627\u0633\u062a\u062b\u0645\u0627\u0631\u064a \u0648\u0634\u0631\u0643\u0629 \u062a\u0633\u064a\u064a\u0631 \u0635\u0646\u0627\u062f\u064a\u0642 \u0627\u0644\u0627\u0633\u062a\u062b\u0645\u0627\u0631\u0627\u0644\u0645\u062a\u0639\u0644\u0642\u0629 \u0628\u0645\u0633\u062a\u0634\u0627\u0631 \u0627\u0644\u0627\u0633\u062a\u062b\u0645\u0627\u0631&hellip;","_links":{"self":[{"href":"https:\/\/cosob.dz\/ar\/wp-json\/wp\/v2\/pages\/3016","targetHints":{"allow":["GET"]}}],"collection":[{"href":"https:\/\/cosob.dz\/ar\/wp-json\/wp\/v2\/pages"}],"about":[{"href":"https:\/\/cosob.dz\/ar\/wp-json\/wp\/v2\/types\/page"}],"author":[{"embeddable":true,"href":"https:\/\/cosob.dz\/ar\/wp-json\/wp\/v2\/users\/1"}],"replies":[{"embeddable":true,"href":"https:\/\/cosob.dz\/ar\/wp-json\/wp\/v2\/comments?post=3016"}],"version-history":[{"count":26,"href":"https:\/\/cosob.dz\/ar\/wp-json\/wp\/v2\/pages\/3016\/revisions"}],"predecessor-version":[{"id":5495,"href":"https:\/\/cosob.dz\/ar\/wp-json\/wp\/v2\/pages\/3016\/revisions\/5495"}],"wp:featuredmedia":[{"embeddable":true,"href":"https:\/\/cosob.dz\/ar\/wp-json\/wp\/v2\/media\/5300"}],"wp:attachment":[{"href":"https:\/\/cosob.dz\/ar\/wp-json\/wp\/v2\/media?parent=3016"}],"curies":[{"name":"wp","href":"https:\/\/api.w.org\/{rel}","templated":true}]}}